{"id":203,"date":"2026-04-05T12:26:30","date_gmt":"2026-04-05T15:26:30","guid":{"rendered":"https:\/\/sociedaddechacareros.com.ar\/sj\/?page_id=203"},"modified":"2026-04-05T12:26:30","modified_gmt":"2026-04-05T15:26:30","slug":"nuestra-historia","status":"publish","type":"page","link":"https:\/\/sociedaddechacareros.com.ar\/sj\/novedades\/nuestra-historia\/","title":{"rendered":"NUESTRA HISTORIA"},"content":{"rendered":"\n<p class=\"has-white-color has-text-color has-background has-link-color wp-elements-aeb3673956503e26e73ed4a7cb7e61fe\" style=\"background-color:#02374c\">La Sociedad de Chacareros Temporarios de San Juan es una entidad sin fines de lucro creada el 24 de junio de 1974, que agrupa a unos 300 peque\u00f1os productores hort\u00edcolas sanjuaninos. La instituci\u00f3n siempre se caracteriz\u00f3 por el trabajo, honestidad y constancia en alcanzar objetivos en beneficio de los chacareros. As\u00ed fue como se construy\u00f3 la primera sede social ubicada en Ruta 40 y calle Rodr\u00edguez, Chimbas. \u200b<\/p>\n\n\n\n<p class=\"has-white-color has-text-color has-background has-link-color wp-elements-e124761b80af408cc102f9ffb2aa06c4\" style=\"background-color:#02374c\">En 1984 se cre\u00f3 la Cooperativa Agr\u00edcola de la Sociedad de Chacareros Temporarios de San Juan Ltda., que es el brazo de comercializaci\u00f3n de la instituci\u00f3n.&nbsp;Posteriormente, en 1992, con el esfuerzo de todos sus asociados, se logr\u00f3 comprar un terreno de 8 hect\u00e1reas en el departamento Rawson donde,&nbsp;desde 1995, funciona el Mercado Concentrador de Frutas y Hortalizas de San Juan. Esta gran obra se logr\u00f3 con el apoyo tanto del Gobierno Municipal como Provincial.&nbsp;<strong>Sin duda la Sociedad de Chacareros Temporarios de San Juan constituye uno de los pilares m\u00e1s importantes para el sostenimiento de la actividad chacarera, la defensa de &nbsp;los derechos de los productores y la promoci\u00f3n de sus productos en una provincia donde su gente tiene una arraigada costumbre en el consumo de frutas y hortalizas.<\/strong><\/p>\n\n\n<div class=\"_df_book df-lite\" id=\"df_498\"  _slug=\"498\" data-title=\"\" wpoptions=\"true\" thumbtype=\"\" ><\/div><script class=\"df-shortcode-script\" nowprocket type=\"application\/javascript\">window.option_df_498 = {\"outline\":[],\"autoEnableOutline\":\"false\",\"autoEnableThumbnail\":\"false\",\"overwritePDFOutline\":\"false\",\"direction\":\"1\",\"pageSize\":\"0\",\"source\":\"https:\\\/\\\/sociedaddechacareros.com.ar\\\/sj\\\/novedades\\\/wp-content\\\/uploads\\\/sites\\\/2\\\/2026\\\/04\\\/Libro_compressed.pdf\",\"wpOptions\":\"true\"}; if(window.DFLIP && window.DFLIP.parseBooks){window.DFLIP.parseBooks();}<\/script>\n\n\n\n<hr class=\"wp-block-separator has-alpha-channel-opacity\"\/>\n\n\n\n<hr class=\"wp-block-separator has-alpha-channel-opacity is-style-dots\"\/>\n\n\n\n<h2 class=\"wp-block-heading has-text-align-center\">AUTORIDADES ACTUALES: <\/h2>\n\n\n<div class=\"wp-block-image is-style-rounded\">\n<figure class=\"aligncenter size-large\"><img loading=\"lazy\" decoding=\"async\" width=\"1024\" height=\"501\" src=\"https:\/\/sociedaddechacareros.com.ar\/sj\/novedades\/wp-content\/uploads\/2026\/01\/comision-e1775326173885-1024x501.webp\" alt=\"\" class=\"wp-image-303\" srcset=\"https:\/\/sociedaddechacareros.com.ar\/sj\/novedades\/wp-content\/uploads\/sites\/2\/2026\/01\/comision-e1775326173885-1024x501.webp 1024w, https:\/\/sociedaddechacareros.com.ar\/sj\/novedades\/wp-content\/uploads\/sites\/2\/2026\/01\/comision-e1775326173885-300x147.webp 300w, https:\/\/sociedaddechacareros.com.ar\/sj\/novedades\/wp-content\/uploads\/sites\/2\/2026\/01\/comision-e1775326173885-768x376.webp 768w, https:\/\/sociedaddechacareros.com.ar\/sj\/novedades\/wp-content\/uploads\/sites\/2\/2026\/01\/comision-e1775326173885.webp 1325w\" sizes=\"auto, (max-width: 1024px) 100vw, 1024px\" \/><\/figure>\n<\/div>\n\n\n<p class=\"has-text-align-center has-medium-font-size\">&#8211;<br><strong>Presidente<\/strong>: Sergio Armando L\u00f3pez<br><strong>Secretario:<\/strong> Jorge Luis Ruiz<br><strong>Tesorero:<\/strong> Jorge Luis Orozco<br><br><strong>Vocales Titulares:<\/strong><br>1\u00b0 Domingo Agust\u00edn Quevedo<br>2\u00b0 Juan Antonio Rodr\u00edguez<br>3\u00b0 Mauricio Osvaldo Santos<br>4\u00b0 Juan Carlos Mingorance<br>5\u00b0 Gabriel Ceferino Ausina<br>6\u00b0 Alberto Ruiz<br><br><strong>Vocales Suplentes:<\/strong><br>1\u00b0 \u00c1ngel Germ\u00e1n Fern\u00e1ndez<br>2\u00b0 Luis Antonio Cotilla<br>3\u00b0 Luis Horacio Santamar\u00eda<\/p>\n\n\n\n<p class=\"has-text-align-center has-medium-font-size\"><br><strong>Revisores de Cuentas:<\/strong><br>1\u00b0 Jorge Antonio Fayos<br>2\u00b0 Hugo Briones<br><br><strong>Revisor de Cuentas Suplente<\/strong>: Miguel Caules<\/p>\n","protected":false},"excerpt":{"rendered":"<p>La Sociedad de Chacareros Temporarios de San Juan es una entidad sin fines de lucro creada el 24 de junio de 1974, que agrupa a unos 300 peque\u00f1os productores hort\u00edcolas sanjuaninos. La instituci\u00f3n siempre se caracteriz\u00f3 por el trabajo, honestidad y constancia en alcanzar objetivos en beneficio de los chacareros. As\u00ed fue como se construy\u00f3 [&hellip;]<\/p>\n","protected":false},"author":3,"featured_media":0,"parent":0,"menu_order":0,"comment_status":"closed","ping_status":"closed","template":"","meta":{"footnotes":""},"class_list":["post-203","page","type-page","status-publish","hentry"],"_links":{"self":[{"href":"https:\/\/sociedaddechacareros.com.ar\/sj\/novedades\/wp-json\/wp\/v2\/pages\/203","targetHints":{"allow":["GET"]}}],"collection":[{"href":"https:\/\/sociedaddechacareros.com.ar\/sj\/novedades\/wp-json\/wp\/v2\/pages"}],"about":[{"href":"https:\/\/sociedaddechacareros.com.ar\/sj\/novedades\/wp-json\/wp\/v2\/types\/page"}],"author":[{"embeddable":true,"href":"https:\/\/sociedaddechacareros.com.ar\/sj\/novedades\/wp-json\/wp\/v2\/users\/3"}],"replies":[{"embeddable":true,"href":"https:\/\/sociedaddechacareros.com.ar\/sj\/novedades\/wp-json\/wp\/v2\/comments?post=203"}],"version-history":[{"count":3,"href":"https:\/\/sociedaddechacareros.com.ar\/sj\/novedades\/wp-json\/wp\/v2\/pages\/203\/revisions"}],"predecessor-version":[{"id":509,"href":"https:\/\/sociedaddechacareros.com.ar\/sj\/novedades\/wp-json\/wp\/v2\/pages\/203\/revisions\/509"}],"wp:attachment":[{"href":"https:\/\/sociedaddechacareros.com.ar\/sj\/novedades\/wp-json\/wp\/v2\/media?parent=203"}],"curies":[{"name":"wp","href":"https:\/\/api.w.org\/{rel}","templated":true}]}}