{"id":211,"date":"2026-04-05T12:26:30","date_gmt":"2026-04-05T15:26:30","guid":{"rendered":"https:\/\/sociedaddechacareros.com.ar\/sj\/?page_id=211"},"modified":"2026-04-05T12:26:30","modified_gmt":"2026-04-05T15:26:30","slug":"servicios-para-socios","status":"publish","type":"page","link":"https:\/\/sociedaddechacareros.com.ar\/sj\/novedades\/servicios-para-socios\/","title":{"rendered":"SERVICIOS PARA SOCIOS"},"content":{"rendered":"\n<p>Somos una asociaci\u00f3n civil sin fines de lucro, cuyo objetivo principal es defender los intereses del sector y contribuir al mayor desarrollo y prosperidad de cada uno de sus asociados. <\/p>\n\n\n\n<div class=\"wp-block-columns is-layout-flex wp-container-core-columns-is-layout-9d6595d7 wp-block-columns-is-layout-flex\">\n<div class=\"wp-block-column is-layout-flow wp-block-column-is-layout-flow\">\n<p class=\"has-white-color has-text-color has-background has-link-color wp-elements-6e7e5e28394763e3fe72d806c1a0db3c\" style=\"background-color:#02374c\"><strong>Representaci\u00f3n Gremial<\/strong><br>Es la principal funci\u00f3n de nuestra instituci\u00f3n, representar y defender los intereses de los productores. <\/p>\n\n\n\n<p class=\"has-background\" style=\"background-color:#fefefd\"><strong>Tractores y Herramientas:<\/strong><br>Disponemos de tres tractores y dos movilidades para su traslado, arado, rastra de disco (de potrero y de parral), cincel y sulfatadora, con un alquiler a precio m\u00e1s accesible que los servicios privados. <\/p>\n\n\n\n<p class=\"has-white-color has-text-color has-background has-link-color wp-elements-b4f924a004dfd43c90c46ee6575fdadc\" style=\"background-color:#417d9f\"><strong>Pasero:<\/strong><br>Playas de secado de uva equipadas con cajones, rejillas y deposito para pasas.<\/p>\n\n\n\n<p class=\"has-background\" style=\"background-color:#fefefd\"><strong>Clasificadora de Ajo<\/strong><br>Linea de clasificado y tama\u00f1ado de ajo. <\/p>\n\n\n\n<p class=\"has-black-color has-text-color has-background has-link-color wp-elements-c51c8bb74a8906681dd8251b7d6ed07b\" style=\"background-color:#d6c36d\"><strong>Asesoramiento legal e impositivo.<\/strong><br>Contamos con la orientaci\u00f3n profesional de un contador y un abogado.<br><\/p>\n\n\n\n<p class=\"has-background\" style=\"background-color:#fefefd\"><strong>Acceso a cr\u00e9ditos para riego.<\/strong><br>Contamos con un Fondo Rotatorio con destino a riego. Ademas, somos gestores e intermediarios de otros beneficios crediticios para los socios. <\/p>\n\n\n\n<p class=\"has-background\" style=\"background-color:#adc829\"><strong>Camping.<\/strong><br>Mediante un convenio con la Uni\u00f3n Vecinal Colonias Unidas Richet y Zapata (Santa Lucia) nuestros socios pueden hacer uso de las instalaciones del club durante todo el a\u00f1o.<\/p>\n\n\n\n<p class=\"has-background\" style=\"background-color:#fefefd\"><strong>Uso del SUM<\/strong><br>Tenemos disponibilidad de un sal\u00f3n de usos multiples en alquiler para fiestas y reuniones. Capacidad 150 personas. <\/p>\n<\/div>\n\n\n\n<div class=\"wp-block-column is-layout-flow wp-block-column-is-layout-flow\">\n<p class=\"has-background\" style=\"background-color:#fefefd\">L<strong>ugar Privilegiado en el Mercado Concentrador.<\/strong><br>Los Socios ocupan las naves centrales para la venta de sus productos. <\/p>\n\n\n\n<p class=\"has-black-color has-text-color has-background has-link-color wp-elements-30967164fa77996f47876128ff86dbec\" style=\"background-color:#adc829\"><strong>Cooperativa:<\/strong><br>Mediante esta estructura, los grupos de productores pueden comercializar en forma asociada. <\/p>\n\n\n\n<p class=\"has-background\" style=\"background-color:#fefefd\"><strong>Servicio de Frio. <\/strong><br>Seis c\u00e1maras de frio en el Mercado Concentrador. <\/p>\n\n\n\n<p class=\"has-white-color has-text-color has-background has-link-color wp-elements-4d1ba5860081a163c448c4ff9d357889\" style=\"background-color:#d72a27\"><strong>Capacitaci\u00f3n:<\/strong><br>Mediante convenios con otras instituciones realizamos capacitaciones sobre temas inherentes a los diferentes cultivos como riego, plagas, enfermedades, etc.<\/p>\n\n\n\n<p class=\"has-background\" style=\"background-color:#fefefd\"><strong>Relaciones Institucionales. <\/strong><br>Somos parte de instituciones nacionales, como CAME, y Fenaomfra y miembros del Consejo Asesor del INTA.<\/p>\n\n\n\n<p class=\"has-white-color has-text-color has-background has-link-color wp-elements-861278534f214791f09401027dc06713\" style=\"background-color:#02374c\"><strong>Giras T\u00e9cnicas.<\/strong><br>Los socios pueden participar de viajes hacia diferentes puntos productivos de pais y del mundo para conocer y profundizar en otros modos de producir, procesar y comercializar. <\/p>\n\n\n\n<p class=\"has-background\" style=\"background-color:#fefefd\"><strong>Alquiler de servicio de Lunch.<\/strong><br>Brindamos alquiler de sillas, tableros y vajilla.<\/p>\n\n\n\n<p class=\"has-white-color has-text-color has-background has-link-color wp-elements-ba73cb65c0af5d87bb2180d2d6e6fad6\" style=\"background-color:#417d9f\"><strong>Cena Anual:<\/strong><br>Cada a\u00f1o celebramos con los socios, puesteros, verduleros y sus familias. <\/p>\n<\/div>\n<\/div>\n\n\n\n<hr class=\"wp-block-separator has-alpha-channel-opacity\"\/>\n\n\n\n<p class=\"has-text-align-center has-white-color has-text-color has-link-color wp-elements-0f33f2a0033cea31cd37864ccc932eb2\"> &#8211; <\/p>\n\n\n\n<p class=\"has-text-align-center has-white-color has-text-color has-background has-link-color wp-elements-51e0a69b154ffa5ecf84c715a2cd602c\" style=\"background-color:#02374c\"><strong>Somos el engranaje vital y necesario para la productividad de nuestro pais.<\/strong><br><br><strong>Bienvenidos<\/strong> a la instituci\u00f3n que ve nacer, crecer y evolucionar al sector productivo de <strong>San Juan. <\/strong><br><\/p>\n\n\n\n<p><\/p>\n","protected":false},"excerpt":{"rendered":"<p>Somos una asociaci\u00f3n civil sin fines de lucro, cuyo objetivo principal es defender los intereses del sector y contribuir al mayor desarrollo y prosperidad de cada uno de sus asociados. Representaci\u00f3n GremialEs la principal funci\u00f3n de nuestra instituci\u00f3n, representar y defender los intereses de los productores. Tractores y Herramientas:Disponemos de tres tractores y dos movilidades [&hellip;]<\/p>\n","protected":false},"author":3,"featured_media":0,"parent":0,"menu_order":0,"comment_status":"closed","ping_status":"closed","template":"","meta":{"footnotes":""},"class_list":["post-211","page","type-page","status-publish","hentry"],"_links":{"self":[{"href":"https:\/\/sociedaddechacareros.com.ar\/sj\/novedades\/wp-json\/wp\/v2\/pages\/211","targetHints":{"allow":["GET"]}}],"collection":[{"href":"https:\/\/sociedaddechacareros.com.ar\/sj\/novedades\/wp-json\/wp\/v2\/pages"}],"about":[{"href":"https:\/\/sociedaddechacareros.com.ar\/sj\/novedades\/wp-json\/wp\/v2\/types\/page"}],"author":[{"embeddable":true,"href":"https:\/\/sociedaddechacareros.com.ar\/sj\/novedades\/wp-json\/wp\/v2\/users\/3"}],"replies":[{"embeddable":true,"href":"https:\/\/sociedaddechacareros.com.ar\/sj\/novedades\/wp-json\/wp\/v2\/comments?post=211"}],"version-history":[{"count":8,"href":"https:\/\/sociedaddechacareros.com.ar\/sj\/novedades\/wp-json\/wp\/v2\/pages\/211\/revisions"}],"predecessor-version":[{"id":518,"href":"https:\/\/sociedaddechacareros.com.ar\/sj\/novedades\/wp-json\/wp\/v2\/pages\/211\/revisions\/518"}],"wp:attachment":[{"href":"https:\/\/sociedaddechacareros.com.ar\/sj\/novedades\/wp-json\/wp\/v2\/media?parent=211"}],"curies":[{"name":"wp","href":"https:\/\/api.w.org\/{rel}","templated":true}]}}